{"id":13979,"date":"2025-04-28T10:03:47","date_gmt":"2025-04-28T09:03:47","guid":{"rendered":"http:\/\/www.tellows.de\/c\/?page_id=13979"},"modified":"2025-04-28T10:03:47","modified_gmt":"2025-04-28T09:03:47","slug":"imprint-it","status":"publish","type":"page","link":"https:\/\/id.tellows.net\/c\/imprint-it\/","title":{"rendered":"Come contattare tellows"},"content":{"rendered":"<p><center><span class=\"says\"><img loading=\"lazy\" decoding=\"async\" src=\"https:\/\/cdn.tellows.de\/uploads\/2021\/09\/tellows-logo.jpg\" alt=\"logo di tellow\" width=\"500\" height=\"130\"><\/span><br \/>\n<br \/>tellows \u00e8 un progetto di tellows UG (responsabilit\u00e0 limitata)<\/center><\/p>\n<h3>Supporto\/Aiuto<\/h3>\n<p>In caso di problemi con post, commenti o numeri, utilizza la nostra <a href=\"\/s\/about-it\/support\" target=\"_blank\" rel=\"noopener noreferrer\"><strong>pagina di supporto<\/strong><\/a> . Qui troverai un primo aiuto e un modulo di contatto. <br \/>Se ci invii una richiesta di rimozione, ti preghiamo di fornirci i rispettivi numeri di telefono e una motivazione per la rimozione per ogni singolo commento. Puoi anche trovare aiuto sulla nostra pagina di supporto in caso di problemi con uno dei nostri prodotti, come la protezione delle chiamate per Fritzbox e le app per Android e Apple.<\/p>\n<h3>Contatto<\/h3>\n<p>Richieste e cancellazioni dal sito web: <a href=\"\/s\/about-it\/support\" target=\"_blank\" rel=\"noopener noreferrer\">Modulo di contatto<\/a><br \/> <br \/>\nE-mail: kontaktATtellows.de <br \/>\n(si prega di sostituire AT con @ quando si contatta) <br \/>\nTelefono: +491578-4918966 (luned\u00ec-venerd\u00ec 9:00 &#8211; 17:00) <br \/>\nFax: +49341-35540903<\/p>\n<p>\nregistro delle imprese <br \/>\nTribunale distrettuale di Lipsia HRB 26291 <br \/>\nPartita IVA: DE 272175252 <br \/>\nAmministratore delegato: Stefan Rick\n<\/p>\n<p><strong>Responsabile della protezione dei dati:<\/strong><br \/>\nChristian Anton <br \/>\ndatenschutzATtellows.de <br \/>\n(si prega di sostituire AT con @ quando ci contattate)\n<\/p>\n<\/p>\n<h3>Chi \/ Cosa \u00e8 tellows<\/h3>\n<p>tellows \u00e8 stata fondata nel 2010 e offre un forum per la valutazione dei numeri di telefono. Nata in Germania, tellows \u00e8 ora presente in oltre 45 paesi. L&#8217;utilizzo del sito web \u00e8 gratuito. Per poter offrire questo servizio gratuitamente, dobbiamo controllare i banner pubblicitari sul sito web, in modo da poter sostenere i costi di gestione sia per la nostra infrastruttura server che per qualsiasi attivit\u00e0 di supporto che si presenti. tellows non \u00e8 solo un sito web: puoi utilizzarlo anche su Android e iPhone. <\/p>\n<p><strong>Avviso importante:<\/strong><br \/>\ntellows \u00e8 solo una piattaforma che consente lo scambio di numeri di telefono e non l&#8217;operatore di singoli numeri di telefono! Tellows non chiama nessuno! Sul nostro sito web, gli utenti forniscono valutazioni per singoli numeri di telefono. tellows non \u00e8 coinvolta nelle controversie che spesso sorgono in merito alle valutazioni dei singoli numeri. Se ci inviate una richiesta di cancellazione, vi preghiamo di fornirne le motivazioni esaustive. Non rimuoveremo le richieste di cancellazione infondate su tellows. I commenti rimossi non appariranno pi\u00f9 su tellows, ma una nota apparir\u00e0 su tale pagina per informarvi che i commenti sono stati rimossi. Se il vostro commento \u00e8 stato eliminato e ritenete che la richiesta sia infondata, vi preghiamo di contattarci.<\/p>\n<p>\n<strong>Divulgazione dei dati utente:<\/strong><br \/>\ntellows non condivide i tuoi dati utente con terze parti. La tua privacy \u00e8 molto importante per noi. Pertanto, ti preghiamo di non inviarci richieste di divulgazione dei dati utente senza un&#8217;ordinanza del tribunale. In assenza di un&#8217;ordinanza del tribunale, le richieste verranno respinte per proteggere la nostra comunit\u00e0.\n<\/p>\n<p>\n<strong>Disclaimer<\/strong><br \/>\nNonostante l&#8217;attento controllo dei contenuti, non possiamo assumerci alcuna responsabilit\u00e0 per il contenuto dei link esterni. I gestori dei siti web collegati sono gli unici responsabili del loro contenuto.\n<\/p>\n<p>Se siete interessati a partnership o collaborazioni contattateci tramite <a href=\"\/s\/about-it\/support\" target=\"_blank\" rel=\"noopener noreferrer\">il modulo di contatto<\/a> .<\/p>\n<p>\n<strong>Indirizzo<\/strong><br \/>\ntellows UG (haftungsbeschr\u00e4nkt) <br \/>\nEschenring 6 <br \/>\nD-04828 Bennewitz<\/p>\n","protected":false},"excerpt":{"rendered":"<p>tellows \u00e8 un progetto di tellows UG (responsabilit\u00e0 limitata) Supporto\/Aiuto In caso di problemi con post, commenti o numeri, utilizza la nostra pagina di supporto . Qui troverai un primo aiuto e un modulo di contatto. Se ci invii una richiesta di rimozione, ti preghiamo di fornirci i rispettivi numeri di telefono e una motivazione [&hellip;]<\/p>\n","protected":false},"author":1,"featured_media":0,"parent":0,"menu_order":0,"comment_status":"closed","ping_status":"closed","template":"","meta":{"footnotes":""},"class_list":["post-13979","page","type-page","status-publish","hentry"],"aioseo_notices":[],"_links":{"self":[{"href":"https:\/\/id.tellows.net\/c\/wp-json\/wp\/v2\/pages\/13979","targetHints":{"allow":["GET"]}}],"collection":[{"href":"https:\/\/id.tellows.net\/c\/wp-json\/wp\/v2\/pages"}],"about":[{"href":"https:\/\/id.tellows.net\/c\/wp-json\/wp\/v2\/types\/page"}],"author":[{"embeddable":true,"href":"https:\/\/id.tellows.net\/c\/wp-json\/wp\/v2\/users\/1"}],"replies":[{"embeddable":true,"href":"https:\/\/id.tellows.net\/c\/wp-json\/wp\/v2\/comments?post=13979"}],"version-history":[{"count":2,"href":"https:\/\/id.tellows.net\/c\/wp-json\/wp\/v2\/pages\/13979\/revisions"}],"predecessor-version":[{"id":13982,"href":"https:\/\/id.tellows.net\/c\/wp-json\/wp\/v2\/pages\/13979\/revisions\/13982"}],"wp:attachment":[{"href":"https:\/\/id.tellows.net\/c\/wp-json\/wp\/v2\/media?parent=13979"}],"curies":[{"name":"wp","href":"https:\/\/api.w.org\/{rel}","templated":true}]}}