{"id":2042,"date":"2015-11-11T10:58:52","date_gmt":"2015-11-11T09:58:52","guid":{"rendered":"http:\/\/www.tellows.de\/c\/?page_id=2042"},"modified":"2022-05-25T11:57:47","modified_gmt":"2022-05-25T10:57:47","slug":"pie-de-imprenta","status":"publish","type":"page","link":"https:\/\/id.tellows.net\/c\/about-tellows-es\/pie-de-imprenta\/","title":{"rendered":"Pie de imprenta"},"content":{"rendered":"<p>Si hay alg\u00fan problema con las publicaciones, los comentarios o los n\u00fameros, puedes ir a nuestra <b><a href=\"https:\/\/www.tellows.co.uk\/c\/about-tellows-uk\/support-en\/\" rel=\"noopener noreferrer\" target=\"_blank\">p\u00e1gina de asistencia<\/a><\/b> donde se pueden encontrar primeros auxilios y un formulario de contacto. Para un procesamiento r\u00e1pido de las solicitudes de eliminaci\u00f3n, ind\u00edquenos el n\u00famero de tel\u00e9fono correspondiente y una raz\u00f3n para la eliminaci\u00f3n de cada comentario individual. Tambi\u00e9n puede encontrar ayuda en nuestra p\u00e1gina de soporte si tiene problemas con uno de nuestros productos, como la protecci\u00f3n de llamadas para Fritzbox, las aplicaciones para Android y Apple.<\/p>\n<p>www.tellows.es es un proyecto de<\/p>\n<p>tellows UG (haftungsbeschr\u00e4nkt)<br \/>\nEschenring 6<br \/>\n04828 Bennewitz<br \/>\nGermany<\/p>\n<p><strong>Registro mercantil:<\/strong><br \/>\nAmtsgericht Leipzig HRB 26291<br \/>\nIVA-ID: DE 272175252<br \/>\nGerente: Stefan Rick<\/p>\n<p>E-mail: <strong>kontaktATtellows.de<\/strong><br \/>\n(AT equivale a @)<br \/>\nTel\u00e9fono: 01578-4918966 (Lunes-Viernes 9-17 horas)<br \/>\nFax: 0341-35540903<\/p>\n<p><strong>Responsable de protecci\u00f3n de datos:<\/strong><br \/>\nChristian Anton<br \/>\ndatenschutzATtellows.de<br \/>\n(AT equivale a @)<\/p>\n<p><strong>Toma nota:<\/strong><br \/>\nTellows es una plataforma dedicada al intercambio de informaci\u00f3n de n\u00fameros de tel\u00e9fono dudosos. Estos n\u00fameros no son manipulados por tellows.<\/p>\n<p><strong>Aclaraci\u00f3n<\/strong><br \/>\nEn tellows, somos totalmente conscientes de la confianza que depositas en nosotros y de nuestra responsabilidad de proteger su privacidad. Para proteger mejor tu privacidad, adjuntamos esta nota que explica nuestras pr\u00e1cticas de informaci\u00f3n online, incluyendo c\u00f3mo recogemos y utilizamos la informaci\u00f3n que se nos da a trav\u00e9s de la p\u00e1gina web y las opciones que tienes en cuanto al modo en que recogemos y utilizamos tu informaci\u00f3n.<\/p>\n<p><strong>Enlaces para p\u00e1ginas web externas<\/strong><br \/>\nNuestra web ofrece enlaces para otras p\u00e1ginas web que pueden tener pol\u00edticas y pr\u00e1cticas diferentes a las nuestras. No controlamos ni somos responsables de las pol\u00edticas de privacidad, pr\u00e1cticas o contenido de ninguna p\u00e1gina web externa. Cuando abandonas nuestra p\u00e1gina web, ya sea mediante un enlace o entrando en un anuncio, debes comprobar la pol\u00edtica de privacidad aplicable en la p\u00e1gina o anunciante al que accedes para determinar c\u00f3mo manejan la informaci\u00f3n que recogen de ti.<\/p>\n","protected":false},"excerpt":{"rendered":"<p>Si hay alg\u00fan problema con las publicaciones, los comentarios o los n\u00fameros, puedes ir a nuestra p\u00e1gina de asistencia donde se pueden encontrar primeros auxilios y un formulario de contacto. Para un procesamiento r\u00e1pido de las solicitudes de eliminaci\u00f3n, ind\u00edquenos el n\u00famero de tel\u00e9fono correspondiente y una raz\u00f3n para la eliminaci\u00f3n de cada comentario individual. [&hellip;]<\/p>\n","protected":false},"author":1,"featured_media":0,"parent":1117,"menu_order":0,"comment_status":"closed","ping_status":"open","template":"page-templates\/full-width.php","meta":{"footnotes":""},"class_list":["post-2042","page","type-page","status-publish","hentry"],"aioseo_notices":[],"_links":{"self":[{"href":"https:\/\/id.tellows.net\/c\/wp-json\/wp\/v2\/pages\/2042","targetHints":{"allow":["GET"]}}],"collection":[{"href":"https:\/\/id.tellows.net\/c\/wp-json\/wp\/v2\/pages"}],"about":[{"href":"https:\/\/id.tellows.net\/c\/wp-json\/wp\/v2\/types\/page"}],"author":[{"embeddable":true,"href":"https:\/\/id.tellows.net\/c\/wp-json\/wp\/v2\/users\/1"}],"replies":[{"embeddable":true,"href":"https:\/\/id.tellows.net\/c\/wp-json\/wp\/v2\/comments?post=2042"}],"version-history":[{"count":10,"href":"https:\/\/id.tellows.net\/c\/wp-json\/wp\/v2\/pages\/2042\/revisions"}],"predecessor-version":[{"id":10394,"href":"https:\/\/id.tellows.net\/c\/wp-json\/wp\/v2\/pages\/2042\/revisions\/10394"}],"up":[{"embeddable":true,"href":"https:\/\/id.tellows.net\/c\/wp-json\/wp\/v2\/pages\/1117"}],"wp:attachment":[{"href":"https:\/\/id.tellows.net\/c\/wp-json\/wp\/v2\/media?parent=2042"}],"curies":[{"name":"wp","href":"https:\/\/api.w.org\/{rel}","templated":true}]}}