{"id":2679,"date":"2017-04-26T13:14:02","date_gmt":"2017-04-26T12:14:02","guid":{"rendered":"http:\/\/tellows.de\/c\/?page_id=2679"},"modified":"2020-12-04T12:02:28","modified_gmt":"2020-12-04T11:02:28","slug":"tellows-anruferkennung-spamschutz-iphone-app-support","status":"publish","type":"page","link":"https:\/\/id.tellows.net\/c\/tellows-iphone-app\/tellows-anruferkennung-spamschutz-iphone-app-support\/","title":{"rendered":"tellows Anruferkennung &#038; Spamschutz iPhone App Support"},"content":{"rendered":"<p>Liebe tellows App Nutzer,<\/p>\n<p>hier findet Ihr eine \u00dcbersicht bekannter App Fehler und deren Problembehandlung:<\/p>\n<p><b>\u2192 Ein unseri\u00f6ser Anruf, doch von welcher Nummer?<\/b><br \/>\nSie wurden angerufen und der tellows Score beschrieb die Nummer als unseri\u00f6s und sie fragen sich, welche Nummer dahinter steckt? Dann \u00f6ffnen sie die Kontaktgruppe des entsprechenden Scores. Die sie anrufende Nummer wird blau hervorgehoben (nur bei den Apps &#8222;tellows pro Anruferkennung&#8220; und &#8222;tellows &#8211; R\u00fcckw\u00e4rtssuche&#8220;).<\/p>\n<p><b>\u2192 App kann die Nummern nicht in mein Telefon importieren<\/b><br \/>\nErlauben Sie in den Einstellungen \u201eTelefon\u201c Ihres iPhones der App tellows auf ihr Telefon zugreifen zu k\u00f6nnen und die importierten Nummern zur Anruferkennung oder zur Blockierung verwenden zu d\u00fcrfen! Eine detaillierte Erkl\u00e4rung <a href=\"http:\/\/tellows.de\/c\/tellows-iphone-app\/tellows-iphone-app-aktivierung-des-anruferschutzes-fuer-ios-10\/\" target=\"_blank\" rel=\"noopener noreferrer\">finden Sie hier<\/a>. Bei der App &#8222;tellows Caller ID &#038; Spamschutz&#8220; werden die Nummern in den internen Speicher des iPhones importiert und nicht in den Kontakten deines Telefons.<\/p>\n<p><b>\u2192 Import der Scorelisten dauert zu lange<\/b><br \/>\nUnter iOS 6 kann der Import der Scorelisten bis zu einer Minute in Anspruch nehmen. Die App reagiert in dieser Zeit nicht (nur bei den Apps &#8222;tellows pro Anruferkennung&#8220; und &#8222;tellows &#8211; R\u00fcckw\u00e4rtssuche&#8220;).<\/p>\n<p><b>\u2192 Warum will die tellows App auf mein Telefon zugreifen? Werde ich etwa ausspioniert?<\/b><br \/>\nDu brauchst dir keine Sorgen \u00fcber deine Privatsph\u00e4re machen \u2013 tellows liest keinerlei pers\u00f6nliche Daten auf Deinem Handy aus! F\u00fcr einen vollst\u00e4ndigen Spam-Schutz ist es jedoch notwendig, dass die gemeldeten Telefonnummern der App in dein Telefon importiert werden k\u00f6nnen. Dort werden die Nummern abgespeichert, damit du im Falle eines unerw\u00fcnschten Anrufes, rechtzeitig informiert wirst oder die Nummern blockieren kannst.<\/p>\n<p><b>\u2192 Warum findet tellows nicht zu allen Telefonnummern weiterf\u00fchrende Informationen?<\/b><br \/>\ntellows basiert auf der Weisheit der Vielen. Je mehr Nutzer ihre Erfahrungen innerhalb der Community teilen, desto schlagkr\u00e4ftiger wird tellows. tellows selbst ist kein offizielles Telefonbuch und kann daher nicht f\u00fcr alle existierenden Telefonnummern Daten liefern. Der prim\u00e4re Fokus richtet sich daher nicht auf einzelne private Telefonnummern sondern auf unseri\u00f6se oder allgemein bekannte Telefonnummern des \u00f6ffentlichen Interesses.<\/p>\n<p><a href=\"https:\/\/www.tellows.de\/c\/about-tellows-de\/support\/\"><b>Weitere h\u00e4ufig gestellte Fragen, findest du in unseren FAQs<\/b><\/a><\/p>\n<p><a href=\"https:\/\/www.tellows.de\/c\/about-tellows-de\/support\/\"><\/p>\n<div style=\"border: solid; padding: 10px; text-align: center; background-color: #e6ebfd; font-size: 18px;\"><b>Bitte verwende unser Kontaktformular, um dein Problem genauer zu erl\u00e4utern<\/b><\/div>\n<p><\/a><\/p>\n","protected":false},"excerpt":{"rendered":"<p>Liebe tellows App Nutzer, hier findet Ihr eine \u00dcbersicht bekannter App Fehler und deren Problembehandlung: \u2192 Ein unseri\u00f6ser Anruf, doch von welcher Nummer? Sie wurden angerufen und der tellows Score beschrieb die Nummer als unseri\u00f6s und sie fragen sich, welche Nummer dahinter steckt? Dann \u00f6ffnen sie die Kontaktgruppe des entsprechenden Scores. Die sie anrufende Nummer [&hellip;]<\/p>\n","protected":false},"author":1,"featured_media":0,"parent":2207,"menu_order":0,"comment_status":"closed","ping_status":"open","template":"page-templates\/full-width.php","meta":{"footnotes":""},"class_list":["post-2679","page","type-page","status-publish","hentry"],"aioseo_notices":[],"_links":{"self":[{"href":"https:\/\/id.tellows.net\/c\/wp-json\/wp\/v2\/pages\/2679","targetHints":{"allow":["GET"]}}],"collection":[{"href":"https:\/\/id.tellows.net\/c\/wp-json\/wp\/v2\/pages"}],"about":[{"href":"https:\/\/id.tellows.net\/c\/wp-json\/wp\/v2\/types\/page"}],"author":[{"embeddable":true,"href":"https:\/\/id.tellows.net\/c\/wp-json\/wp\/v2\/users\/1"}],"replies":[{"embeddable":true,"href":"https:\/\/id.tellows.net\/c\/wp-json\/wp\/v2\/comments?post=2679"}],"version-history":[{"count":9,"href":"https:\/\/id.tellows.net\/c\/wp-json\/wp\/v2\/pages\/2679\/revisions"}],"predecessor-version":[{"id":8274,"href":"https:\/\/id.tellows.net\/c\/wp-json\/wp\/v2\/pages\/2679\/revisions\/8274"}],"up":[{"embeddable":true,"href":"https:\/\/id.tellows.net\/c\/wp-json\/wp\/v2\/pages\/2207"}],"wp:attachment":[{"href":"https:\/\/id.tellows.net\/c\/wp-json\/wp\/v2\/media?parent=2679"}],"curies":[{"name":"wp","href":"https:\/\/api.w.org\/{rel}","templated":true}]}}