{"id":5920,"date":"2019-06-28T13:02:46","date_gmt":"2019-06-28T12:02:46","guid":{"rendered":"http:\/\/tellows.de\/c\/?page_id=5920"},"modified":"2022-05-24T16:00:00","modified_gmt":"2022-05-24T15:00:00","slug":"inscription","status":"publish","type":"page","link":"https:\/\/id.tellows.net\/c\/about-tellows-fr\/inscription\/","title":{"rendered":"Inscription"},"content":{"rendered":"<p><script>\nfunction toggle(x) {\n    var y = document.getElementById('toggle' + x);\n    y.classList.toggle(\"mystyle\");\n}\n<\/script><\/p>\n<style>\n.mystyle {\n    display: block !important;\n    margin-top: 20px;\n    margin-left: 20px;\n}\n.before {\n    display: none;\n}\nh2 {\n   margin-top: 25px;\n}\nbutton {\n   margin-left: 30px;\n   padding: 5px 10px 5px 13px;\n   width: 200px;\n}\n.rot {\n   color: red;\n}\n.gr\u00fcn {\n   color: green;\n}\n.left {\n   width: 70%;\n   float: left;\n   margin-left: 20px;\n}\n.right {\n   width: 20%;\n}\n.clear {\n   clear: both;\n}\n<\/style>\n<p>En tant qu&#8217;utilisateur enregistr\u00e9 de tellows, vous disposez de nombreux avantages sur le forum de tellows. Cependant, \u00eatre membre n\u2019est pas requis pour participer \u00e0 la discussion. Un commentaire peut \u00eatre laiss\u00e9 par les utilisateurs enregistr\u00e9s, mais \u00e9galement par ceux qui ne sont pas encore membres de notre communaut\u00e9. Les enregistrements fonctionnent par les OpenID.<\/p>\n<h3 id=\"Avantages\">Avantages d\u2019\u00eatre un utilisateur chez tellows<\/h3>\n<p><b>La version Premium pour Android : Essai gratuit d&#8217;un mois !<\/b><br \/>\nQuand vous vous enregistrez sur tellows pour la premi\u00e8re fois, vous obtiendrez un essai gratuit d\u2019un mois pour la version Premium de votre application ! Vous avez uniquement besoin de t\u00e9l\u00e9charger l\u2019application tellows sur Android et vous connecter avec le compte. Ensuite, vous ouvrez le menu premium et confirmez l&#8217;abonnement d&#8217;un mois. Vous serez dirig\u00e9 vers le Play Store. C&#8217;est un mois d&#8217;essai gratuit qui se transforme en abonnement s&#8217;il n&#8217;est pas annul\u00e9 avant le renouvellement automatique. Avec cette version, il est possible d\u2019identifier les appels inconnus, mais vous pouvez aussi bloquer les appels ind\u00e9sirables.  De plus vous pouvez utiliser votre blacklist personnelle pour bloquer les num\u00e9ros qui vous ont \u00e9t\u00e9 signal\u00e9s n\u00e9gativement par les utilisateurs.<\/p>\n<p><b>Modifier les commentaires<\/b><br \/>\nVous pouvez modifier les commentaires soumis dans l\u2019espace membre ou sur la page de d\u00e9tail des num\u00e9ros.<br \/>\n<\/p>\n<p><b>Cr\u00e9er votre blacklist personnelle<\/b><br \/>\nLes num\u00e9ros not\u00e9s n\u00e9gativement sont imm\u00e9diatement sur votre blacklist personnelle. Si vous utilisez des produits tellows, votre blacklist inclut automatiquement tous vos num\u00e9ros pr\u00e9c\u00e9demment not\u00e9s.<br \/>\n<\/p>\n<div style=\"float:right; margin-right:20px; margin-top:-35px;\"><img decoding=\"async\" alt=\"benefits of a registered user\" width=\"380\" src=\"https:\/\/cdn.tellows.de\/uploads\/2016\/01\/Kommifeature_Grafik_fr.jpg\" style=\"box-shadow:none;\"\/><\/div>\n<p><b>Protection contre la suppression <\/b><br \/>\nLes commentaires des utilisateurs enregistr\u00e9s ne peuvent pas \u00eatre supprim\u00e9s sans une analyse approfondie par le support tellows. Nous vous contacterons si quelqu\u2019un souhaite supprimer votre commentaire.<br \/>\n<\/p>\n<p><b>Pas de Captcha<\/b><br \/>\nEn tant qu\u2019utilisateurs enregistr\u00e9s vous n\u2019avez pas besoin d\u2019entrer de captcha pour chaque commentaire.<br \/>\n<\/p>\n<p><b>Notification<\/b><br \/>\nL\u2019adresse email de l\u2019utilisateur est automatiquement enregistr\u00e9e pour les notifications. Lorsque vous commentez, il suffit juste de cocher la case pour que la notification soit activ\u00e9e.<br \/>\n<\/p>\n<p><b>Les utilisateurs Premium <\/b><br \/>\nLes commentaires des utilisateurs enregistr\u00e9s sont marqu\u00e9s d&#8217;un ast\u00e9risque dans le forum.<br \/>\n<\/p>\n<p><b>tellows Karma<\/b><br \/>\nPlus vos commentaires seront jug\u00e9s utiles, plus vous aurez de &#8222;tellows karma&#8220;, et plus vous avez de karma, mieux c\u2019est. Vous pouvez afficher votre tellows karma sur votre espace membre.<\/p>\n<p><img decoding=\"async\" src=\"https:\/\/cdn.tellows.de\/uploads\/2019\/06\/karmas-125.png\" max-height=\"60px;\" \/><\/p>\n<h3>Comment puis-je m&#8217;enregistrer en tant que membre ?<\/h3>\n<p>Simplement en cliquant sur \u00ab connexion \u00bb sur la page de tellows dans la zone sup\u00e9rieure et connectez-vous avec l\u2019un des comptes OpenID mentionn\u00e9es. Seule votre adresse e-mail sera stock\u00e9e dans notre syst\u00e8me pour comparaison. Vous devez s\u00e9lectionner un pseudonyme apr\u00e8s votre connexion. Gr\u00e2ce \u00e0 cette fonctionnalit\u00e9, nous contribuons \u00e0 am\u00e9liorer de mani\u00e8re significative la qualit\u00e9 et la transparence des commentaires soumis. En savoir plus sur : <a href=\"https:\/\/fr.wikipedia.org\/wiki\/OpenID\" target=\"_blank\" rel=\"nofollow noopener noreferrer\">Comment fonctionne OpenID ?<\/a><\/p>\n<h3 id=\"memberarea\">Espace membre<\/h3>\n<p>L\u2019espace membre est disponible pour tous les utilisateurs enregistr\u00e9s via ordinateur et version mobile. L\u2019application tellows peut aussi \u00eatre li\u00e9e \u00e0 votre compte utilisateur. Vous trouverez l\u2019espace membre apr\u00e8s votre connexion en haut de la page. Ainsi vous pourrez : <\/p>\n<ul>\n<li>Acc\u00e9der aux param\u00e8tres de votre compte (changer votre pseudonyme et d\u00e9sactiver les notifications)<\/li>\n<li>G\u00e9rer les commentaires (vue d\u2019ensemble sur tous les commentaires et modifications)<\/li>\n<li>G\u00e9rer votre blacklist personnelle (par exemple pour la Fritzbox, l\u2019application tellows ou le bloqueur d\u2019appel)<\/li>\n<\/ul>\n<p><\/p>\n<p><b class=\"abstand\">G\u00e9rez et r\u00e9cup\u00e9rez votre API personnelle Blacklist &#038; tellows<\/b><\/p>\n<p>Les num\u00e9ros not\u00e9s n\u00e9gativement sont imm\u00e9diatement ajout\u00e9s sur votre blacklist personnelle. Il est important de vous connecter sur le site internet ou sur le lien de l\u2019application avec votre compte tellows. Votre blacklist personnelle contient tous les num\u00e9ros que vous avez not\u00e9s (ind\u00e9pendamment des \u00e9valuations des autres utilisateurs) et, bien s\u00fbr, de tous les autres num\u00e9ros de t\u00e9l\u00e9phone not\u00e9s n\u00e9gativement sur tellows.<\/p>\n<div class=\"right\"><button onclick=\"toggle(8)\"><b>plus d&#8217;informations \u25bc<\/b><\/button><\/div>\n<div class=\"clear\"><\/div>\n<div id=\"toggle8\" class=\"before\">\n<p>Par exemple : Un num\u00e9ro de t\u00e9l\u00e9phone qui a un score de 6. Vous assignez un score de 8 lors de votre \u00e9valuation. <\/p>\n<p>Vous pouvez utiliser la blacklist avec tous les produits tellows, comme la <a href=\"https:\/\/shop.tellows.de\/en\/\" target=\"_blank\" rel=\"noopener noreferrer\">Fritz!Box, the mobile tellows apps, telephone systems (via CSV-API) or the tellows call blocker<\/a>.<\/p>\n<p><img decoding=\"async\" src=\"https:\/\/cdn.tellows.de\/uploads\/2019\/06\/bl1.png\" \/><br \/>\n<br \/>\n<b>Votre code personnel pour r\u00e9cup\u00e9rer la liste noire<\/b><\/p>\n<p>Ce code est associ\u00e9 \u00e0 votre compte utilisateur. Si vous \u00eates enregistr\u00e9 sur tellows et que vous achetez un produit qui utilise la m\u00eame adresse dans la boutique, vos donn\u00e9es seront li\u00e9es \u00e0 votre compte utilisateur. Ce qui signifie que vous recevrez toujours des blacklists personnalis\u00e9es, y compris vos num\u00e9ros d\u00e9j\u00e0 not\u00e9s.<\/p>\n<p><img decoding=\"async\" src=\"https:\/\/cdn.tellows.de\/uploads\/2019\/06\/bl2.png\" \/><\/p>\n<p><b id=\"tellowsapi\">Utilisation de l&#8217;API tellows<\/b><\/p>\n<p>Tous les produits tellows utilisent le tellows API. Avec l\u2019achat de <a href=\"https:\/\/shop.tellows.de\/en\/tellows-api-key.html\" target=\"_blank\" rel=\"noopener noreferrer\">tellows API-Key<\/a> ou de <a href=\"https:\/\/shop.tellows.de\/en\/number-blacklist-csv-all-countries.html\" target=\"_blank\" rel=\"noopener noreferrer\">tellows CSV- Lists<\/a> vous pouvez faire des requ\u00eates individuelles. Pour la personnalisation, divers param\u00e8tres sont disponibles pour affiner le r\u00e9sultat des r\u00e9sultats. Cela retournera les r\u00e9sultats, avec des num\u00e9ros de t\u00e9l\u00e9phone correspondant \u00e0, par exemple, la note minimale souhait\u00e9e ou comportant un nombre minimal de commentaires.<br \/>\nPour un aper\u00e7u d\u00e9taill\u00e9 de l\u2019API de tellows avec tous les param\u00e8tres disponibles, consultez notre documentation :<br \/>\n<a href=\"https:\/\/www.tellows.de\/openapi\/index.html\" target=\"_blank\" rel=\"noopener noreferrer\">tellows API Documentation<\/a>.<\/p>\n<p>Si vous \u00eates int\u00e9ress\u00e9 par une solution individuelle pour votre entreprise, vous pouvez rejoindre notre programme partenaire :<br \/>\n<a href=\"https:\/\/www.tellows.co.uk\/c\/about-tellows-uk\/tellows-api-partnership-program\/\" target=\"_blank\" rel=\"noopener noreferrer\">tellows API &#8211; Partnership Program<\/a>.<\/p>\n<\/div>\n<p><\/p>\n<p><b class=\"abstand\">G\u00e9rer votre compte utilisateur et vos commentaires<\/b><\/p>\n<p>Dans les param\u00e8tres de l\u2019espace membre vous pouvez changer votre pseudonyme\/ d\u00e9sactiver les notifications. Les utilisateurs enregistr\u00e9s re\u00e7oivent les nouvelles d&#8217;abord !<\/p>\n<div class=\"right\"><button onclick=\"toggle(1)\"><b>plus d&#8217;informations \u25bc<\/b><\/button><\/div>\n<div class=\"clear\"><\/div>\n<div id=\"toggle1\" class=\"before\">\n<img decoding=\"async\" src=\"https:\/\/cdn.tellows.de\/uploads\/2019\/06\/pseudomyme.png\" \/><br \/>\n<\/p>\n<p><b>Modifier les commentaires<\/b><\/p>\n<p>En tant qu\u2019utilisateur enregistr\u00e9 vous pouvez modifier vos commentaires. Les commentaires peuvent \u00eatre modifi\u00e9s directement apr\u00e8s \u00eatre soumis. Une mauvaise note, ou plusieurs informations peuvent \u00eatre corrig\u00e9es rapidement sans avoir \u00e0 poster \u00e0 nouveau le commentaire entier. Vous pouvez modifier les commentaires dans l\u2019espace membre sous \u00ab Mes commentaires \u00bb ou sur la page des num\u00e9ros elle-m\u00eame.<\/p>\n<p><img decoding=\"async\" src=\"https:\/\/cdn.tellows.de\/uploads\/2019\/06\/komment.png\" max-height=\"170\" alt=\"edit comment\" \/><br \/>\n<img decoding=\"async\" src=\"https:\/\/cdn.tellows.de\/uploads\/2019\/06\/comment.png\" max-height=\"70\" alt=\"edit comment\" \/><\/div>\n<p><\/p>\n<h3>Participer activement : Soutenez-nous en tant que mod\u00e9rateur et am\u00e9liorez les tellows !<\/h3>\n<p>De nombreux membres de la communaut\u00e9 examinent chaque jour les spams sur la plateforme de tellows et contribuent ainsi \u00e0 la qualit\u00e9 du forum. Ils ont des taches importantes car notre priorit\u00e9 est la qualit\u00e9 de notre site internet.<br \/>\nL&#8217;examen de commentaires individuels par tellows n&#8217;est pas possible, car plus de 50 000 commentaires sont soumis chaque mois dans diff\u00e9rents pays et en diff\u00e9rentes langues. Par cons\u00e9quent, nous sommes reconnaissants si nous obtenons le soutien de la communaut\u00e9 pour examiner les commentaires et supprimer ceux qui enfreignent les conditions d&#8217;utilisation.<br \/>\nAvec la fonction de mod\u00e9rateur, nous souhaitons am\u00e9liorer le processus de r\u00e9vision et de suppression des commentaires et vous aider \u00e0 devenir un \u00e9l\u00e9ment encore plus important de la communaut\u00e9 tellows. Si vous souhaitez rejoindre l&#8217;\u00e9quipe de mod\u00e9rateurs, n&#8217;h\u00e9sitez pas \u00e0 nous contacter par <a href=\"mailto:kontakt@tellows.de\">courriel<\/a>.<\/p>\n","protected":false},"excerpt":{"rendered":"<p>En tant qu&#8217;utilisateur enregistr\u00e9 de tellows, vous disposez de nombreux avantages sur le forum de tellows. Cependant, \u00eatre membre n\u2019est pas requis pour participer \u00e0 la discussion. Un commentaire peut \u00eatre laiss\u00e9 par les utilisateurs enregistr\u00e9s, mais \u00e9galement par ceux qui ne sont pas encore membres de notre communaut\u00e9. Les enregistrements fonctionnent par les OpenID. [&hellip;]<\/p>\n","protected":false},"author":1,"featured_media":0,"parent":1121,"menu_order":0,"comment_status":"closed","ping_status":"closed","template":"page-templates\/full-width.php","meta":{"footnotes":""},"class_list":["post-5920","page","type-page","status-publish","hentry"],"aioseo_notices":[],"_links":{"self":[{"href":"https:\/\/id.tellows.net\/c\/wp-json\/wp\/v2\/pages\/5920","targetHints":{"allow":["GET"]}}],"collection":[{"href":"https:\/\/id.tellows.net\/c\/wp-json\/wp\/v2\/pages"}],"about":[{"href":"https:\/\/id.tellows.net\/c\/wp-json\/wp\/v2\/types\/page"}],"author":[{"embeddable":true,"href":"https:\/\/id.tellows.net\/c\/wp-json\/wp\/v2\/users\/1"}],"replies":[{"embeddable":true,"href":"https:\/\/id.tellows.net\/c\/wp-json\/wp\/v2\/comments?post=5920"}],"version-history":[{"count":14,"href":"https:\/\/id.tellows.net\/c\/wp-json\/wp\/v2\/pages\/5920\/revisions"}],"predecessor-version":[{"id":10389,"href":"https:\/\/id.tellows.net\/c\/wp-json\/wp\/v2\/pages\/5920\/revisions\/10389"}],"up":[{"embeddable":true,"href":"https:\/\/id.tellows.net\/c\/wp-json\/wp\/v2\/pages\/1121"}],"wp:attachment":[{"href":"https:\/\/id.tellows.net\/c\/wp-json\/wp\/v2\/media?parent=5920"}],"curies":[{"name":"wp","href":"https:\/\/api.w.org\/{rel}","templated":true}]}}