{"id":6241,"date":"2019-09-06T17:18:15","date_gmt":"2019-09-06T16:18:15","guid":{"rendered":"http:\/\/tellows.de\/c\/?page_id=6241"},"modified":"2020-07-30T07:58:49","modified_gmt":"2020-07-30T06:58:49","slug":"registro","status":"publish","type":"page","link":"https:\/\/id.tellows.net\/c\/about-tellows-pt\/registro\/","title":{"rendered":"Registro"},"content":{"rendered":"<p><script>\nfunction toggle(x) {\n    var y = document.getElementById('toggle' + x);\n    y.classList.toggle(\"mystyle\");\n}\n<\/script><\/p>\n<style>\n.mystyle {\n    display: block !important;\n    margin-top: 20px;\n    margin-left: 20px;\n}\n.before {\n    display: none;\n}\nh2 {\n   margin-top: 25px;\n}\nbutton {\n   margin-left: 30px;\n   padding: 5px 10px 5px 13px;\n   width: 200px;\n}\n.rot {\n   color: red;\n}\n.gr\u00fcn {\n   color: green;\n}\n.left {\n   width: 70%;\n   float: left;\n   margin-left: 20px;\n}\n.right {\n   width: 20%;\n}\n.clear {\n   clear: both;\n}\n<\/style>\n<p>Como um usu\u00e1rio resgistrado tellows voc\u00ea tem in\u00fameras vantagens no f\u00f3rum tellows. Ainda que o registro n\u00e4o seja obrigat\u00f3rio para que voc\u00ea possa participar. Coment\u00e1rios podem ser publicados com o status de usu\u00e1rio registrado ou n\u00e3o registrado. O registro funciona via OpenID.<\/p>\n<h3 id=\"vorteile\">Os benef\u00edcios de ser um usu\u00e1rio registrado tellows<\/h3>\n<p><b>Conta tellows premium para aplicativo Android: um m\u00eas de teste gratuito!<\/b><br \/>\nQuando voc\u00ea se registra no tellows pela primeira vez, voc\u00ea ganha um m\u00eas de teste gratuito na vers\u00e3o premium do nosso aplicativo! Voc\u00ea apenas precisa baixar o <a href=\"https:\/\/play.google.com\/store\/apps\/details?id=app.tellows\" target=\"_blank\" rel=\"noopener noreferrer\">tellows App<\/a> no seu dispositivo Android e fazer o login com a sua conta no aplicativo. Em seguida, voc\u00ea abre o menu premium e confirma a assinatura de 1 m\u00eas. Voc\u00ea ser\u00e1 direcionado para a Play Store. \u00c9 um m\u00eas de avalia\u00e7\u00e3o gratuita que se transforma em uma assinatura se n\u00e3o for cancelado antes da renova\u00e7\u00e3o autom\u00e1tica. Com a vers\u00e3o premium, voc\u00ea pode usar sua lista negra pessoal para bloquear n\u00fameros reportados como negativos pelos nossos usu\u00e1rios.<\/p>\n<p><b>Edite Coment\u00e1rios<\/b><br \/>\nVoc\u00ea pode editar coment\u00e1rios publicados na \u00e1rea de membro ou na p\u00e1gina de detalhes do n\u00famero.<\/p>\n<p><b>Crie sua lista de n\u00fameros bloequados personalizada<\/b><br \/>\nN\u00fameros com classifica\u00e7\u00f5es negativas s\u00e3o imediatamente adicionados na sua lista negra. Se voc\u00ea usa os produtos tellows, sua lista automaticamente inclui todos os n\u00fameros valiados por voc\u00ea anteriormente.<\/p>\n<div style=\"float: right; margin-right: 20px; margin-top: -35px;\"><img decoding=\"async\" style=\"box-shadow: none;\" src=\"https:\/\/cdn.tellows.de\/uploads\/2016\/01\/Kommifeature_Grafik_en.jpg\" alt=\"benefits of a registered user\" max-width=\"380\" \/><\/div>\n<p><b>Prote\u00e7\u00e3o contra remo\u00e7\u00e3o de coment\u00e1rios<\/b><br \/>\nComent\u00e1rios de usu\u00e1rios registrados n\u00e3o podem ser removidos sem a autoriza\u00e7\u00e3o pr\u00e9via da equipe de suporte tellows. N\u00f3s vamos contacta-lo caso algu\u00e9m queira remover algum coment\u00e1rio seu.<\/p>\n<p><b>Sem Captcha (palavra-chave de seguran\u00e7a)<\/b><br \/>\nComo usu\u00e1rio registrado voc\u00ea n\u00e3o precisa colocar a palavra-chave de seguran\u00e7a em cada coment\u00e1rio.<\/p>\n<p><b>Notifica\u00e7\u00f5es<\/b><br \/>\nO endere\u00e7o de e-mail do usu\u00e1rio \u00e9 configurado automaticamente para receber notifica\u00e7\u00f5es. Ao comentar, apenas o som da notifica\u00e7\u00e3o dever\u00e1 ser configurado.<\/p>\n<p><b>Usu\u00e1rio Premium<\/b><br \/>\nComent\u00e1rios de usu\u00e1rios registrados s\u00e3o marcados com o s\u00edmbolo de uma estrela no f\u00f3rum.<\/p>\n<p><b>tellows Karma<\/b><br \/>\nQuanto mais coment\u00e1rios forem considerados de ajuda, mais \u201ctellows karma\u201d voc\u00ea recebe. Quanto mais karmas voc\u00ea coletar, melhor. Voc\u00ea pode exibir seus \u201ctellows karma\u201d na \u00e1ea de membros.<\/p>\n<p><img decoding=\"async\" src=\"https:\/\/cdn.tellows.de\/uploads\/2017\/12\/karma_01_en.png\" alt=\"karma\" max-height=\"50\" \/><\/p>\n<h3>Como eu posso me tornar um membro registrado?<\/h3>\n<p>Simplemente clicando em \u201cLogin\u201d, localizado na parte superior da p\u00e1gina do tellows, e logar usando uma das j\u00e1 mencionadas contas OpenID. Apenas o seu endere\u00e7o de e-mail ficar\u00e1 armazenado no nosso sistema para compara\u00e7\u00e3o. Voc\u00ea deve selecionar um nome de usu\u00e1rio depois de conectar. Com esse recurso, contribu\u00edmos para melhorar significativamente a qualidade e a transpar\u00eancia dos coment\u00e1rios enviados. Saiba mais: <a href=\"https:\/\/en.wikipedia.org\/wiki\/OpenID\" target=\"_blank\" rel=\"nofollow noopener noreferrer\">Como a OpenID funciona?<\/a><\/p>\n<h3 id=\"memberarea\">\u00c1rea de membro<\/h3>\n<p>A \u00e1rea de mebro \u00e9 dispon\u00edvel para todos os usu\u00e1rios registrados via desktop e dispositivos m\u00f3veis. O aplicativo tellows tamb\u00e9m pode ser vinculado \u00e0 sua conta de usu\u00e1rio. Voc\u00ea encontrar\u00e1 a \u00e1rea de membro ap\u00f3s o login no topo da p\u00e1gina. L\u00e1 voc\u00ea pode:<\/p>\n<ul>\n<li>Acessar as suas configura\u00e7\u00f5es (mudar seu nome de usu\u00e1rio e desabilitar notifica\u00e7\u00f5es)<\/li>\n<li>Administrar coment\u00e1rios (vis\u00e3o geral de todos coment\u00e1ros e edi\u00e7\u00e3o)<\/li>\n<li>Administrar sua lista negra pessoal (por exemplo, para Fritzbox, aplicativo tellows ou tellows bloqueio de chamadas).<\/li>\n<\/ul>\n<p><b class=\"abstand\">Gerenciar e recuperar sua lista negra pessoal &amp; tellows API<\/b><\/p>\n<p>Nos n\u00fameros com classifica\u00e7\u00e3o negativa s\u00e3o imediatamente adicionados \u00e0 sua lista negra pessoal. \u00c9 importante fazer login no site ou vincular o aplicativo \u00e0 sua conta tellows. Sua lista negra pessoal cont\u00e9m todos os n\u00fameros que voc\u00ea classificou (independentemente das avalia\u00e7\u00f5es de outros usu\u00e1rios) e, \u00e9 claro, todos os outros n\u00fameros de telefone com classifica\u00e7\u00e3o negativa no tellows.<\/p>\n<div class=\"right\"><button onclick=\"toggle(8)\"><b>mais informa\u00e7\u00f5es \u25bc<\/b><\/button><\/div>\n<div class=\"clear\"><\/div>\n<div id=\"toggle8\" class=\"before\"><\/p>\n<p>Exemplo: um n\u00famero de telefone tem uma pontua\u00e7\u00e3o de 6. Voc\u00ea atribui uma pontua\u00e7\u00e3o 8 ao classificar o n\u00famero. O n\u00famero termina automaticamente na sua lista negra com a pontua\u00e7\u00e3o 8.<\/p>\n<p>Voc\u00ea pode usar a lista negra com todos os <a href=\"https:\/\/shop.tellows.de\/en\/\" target=\"_blank\" rel=\"noopener noreferrer\">produtos tellows<\/a>, assim como <a href=\"https:\/\/shop.tellows.de\/en\/\" target=\"_blank\" rel=\"noopener noreferrer\">Fritz!Box, aolicativos tellows, sistema telef\u00f4nico (via CSV-API) ou bloquador de chamadas tellows<\/a>.<\/p>\n<p><img decoding=\"async\" src=\"https:\/\/cdn.tellows.de\/uploads\/2017\/12\/sperrliste_01_en.png\" alt=\"blacklist\" max-height=\"90\" \/><\/p>\n<p><b>Seu c\u00f3digo pessoal para recuperar a lista negra<\/b><\/p>\n<p>Este c\u00f3digo est\u00e1 associado \u00e0 sua conta de usu\u00e1rio. Se voc\u00ea estiver registrado no tellows e comprar um produto usando o mesmo endere\u00e7o de e-mail na loja, seus dados ser\u00e3o vinculados \u00e0 sua conta de usu\u00e1rio. Isso significa que voc\u00ea sempre receber\u00e1 listas negras personalizadas, incluindo seus n\u00fameros j\u00e1 classificados.<\/p>\n<p><img decoding=\"async\" src=\"https:\/\/cdn.tellows.de\/uploads\/2017\/12\/abrufen_sperrliste_code_01_en.png\" alt=\"blacklist code\" max-height=\"100\" \/><\/p>\n<p><b id=\"tellowsapi\">Usando a API tellows<\/b><\/p>\n<p>Todos os produtos tellows usam a API tellows. Com a compra de uma <a href=\"https:\/\/shop.tellows.de\/en\/sperrlisten-und-daten-schnittstellen\/tellows-api-key.html\" target=\"_blank\" rel=\"noopener noreferrer\">tellows API-Key<\/a> ou das <a href=\"https:\/\/shop.tellows.de\/en\/number-blacklist-csv-all-countries.html\" target=\"_blank\" rel=\"noopener noreferrer\">tellows CSV-Lists<\/a> voc\u00ea pode fazer consultas individuais. Para personaliza\u00e7\u00e3o, v\u00e1rios par\u00e2metros est\u00e3o dispon\u00edveis para refinar a sa\u00edda dos resultados. Isso retornar\u00e1 resultados com n\u00fameros de telefone que correspondem, por exemplo, a pontua\u00e7\u00e3o m\u00ednima desejada ou que tenha um n\u00famero m\u00ednimo de coment\u00e1rios.<\/p>\n<p>Para uma vis\u00e3o detalhada da API tellows com todos os par\u00e2metros dispon\u00edveis, veja nossa documenta\u00e7\u00e3o:<br \/>\n<a href=\"https:\/\/www.tellows.de\/openapi\/index.html\" target=\"_blank\" rel=\"noopener noreferrer\">documenta\u00e7\u00e3o tellows API<\/a>.<\/p>\n<p>Se voc\u00ea estiver interessado em uma solu\u00e7\u00e3o individual para sua empresa, participe do nosso programa de parceiros:<br \/>\n<a href=\"https:\/\/www.tellows.co.uk\/c\/about-tellows-uk\/tellows-api-partnership-program\/\" target=\"_blank\" rel=\"noopener noreferrer\">tellows API &#8211; Programa de Parceria<\/a>.<\/p>\n<\/div>\n<p><\/p>\n<p><b class=\"abstand\">Gerenciando sua conta de usu\u00e1rio e coment\u00e1rios<\/b><\/p>\n<p>Nas configura\u00e7\u00f5es da \u00e1rea de membros, voc\u00ea pode alterar seu apelido e ativar \/ desativar as notifica\u00e7\u00f5es. Usu\u00e1rios registrados recebem as not\u00edcias primeiro!<\/p>\n<div class=\"right\"><button onclick=\"toggle(1)\"><b>mais informa\u00e7\u00f5es \u25bc<\/b><\/button><\/div>\n<div class=\"clear\"><\/div>\n<div id=\"toggle1\" class=\"before\"><img decoding=\"async\" src=\"https:\/\/cdn.tellows.de\/uploads\/2017\/12\/einstellungen_nickname_01_en.png\" alt=\"settings\" max-height=\"200\" \/><br \/>\n<b>Editar Coment\u00e1rios<\/b>Como usu\u00e1rio registrado, voc\u00ea pode editar seus coment\u00e1rios. Coment\u00e1rios podem ser editados diretamente ap\u00f3s o envio. Uma classifica\u00e7\u00e3o incorreta, erros de digita\u00e7\u00e3o ou informa\u00e7\u00f5es adicionais podem ser corrigidas rapidamente sem ter que postar todo o coment\u00e1rio novamente. Voc\u00ea pode editar os coment\u00e1rios na \u00e1rea de membros em &#8222;Meus coment\u00e1rios&#8220; ou na pr\u00f3pria p\u00e1gina de detalhes do n\u00famero.<img decoding=\"async\" src=\"https:\/\/cdn.tellows.de\/uploads\/2017\/12\/kommentar_bearbeiten_02_en.png\" alt=\"edit comment\" max-height=\"200\" \/><br \/>\n<img decoding=\"async\" src=\"https:\/\/cdn.tellows.de\/uploads\/2017\/12\/kommentar_bearbeiten_01_en.png\" alt=\"edit comment\" max-height=\"100\" \/><\/div>\n<h3>Participe ativamente: Apoie-nos como moderador e aprimore o tellows!<\/h3>\n<p>Numerosos membros da comunidade j\u00e1 examinam o spam por dia e contribuem para a qualidade do f\u00f3rum. Eles t\u00eam uma tarefa importante, porque a qualidade do conte\u00fado em nosso site \u00e9 nossa maior prioridade.<br \/>\nA revis\u00e3o de coment\u00e1rios individuais por parte dos colaboradores n\u00e3o \u00e9 poss\u00edvel, porque s\u00e3o enviados mais de 50.000 coment\u00e1rios por m\u00eas em diferentes pa\u00edses e idiomas. Portanto, ficamos gratos se recebermos suporte da comunidade para revisar coment\u00e1rios e remover aqueles que violarem os Termos de Uso.<\/p>\n<p>Com o recurso de moderador, queremos melhorar o processo de revis\u00e3o e remo\u00e7\u00e3o de coment\u00e1rios e ajud\u00e1-lo a se tornar uma parte ainda mais importante da comunidade tellows. Se voc\u00ea estiver interessado em se juntar \u00e0 equipe de moderadores, sinta-se \u00e0 vontade para nos contatar via<br \/>\n<a href=\"mailto:kontakt@tellows.de\">mail<\/a>.<\/p>\n","protected":false},"excerpt":{"rendered":"<p>Como um usu\u00e1rio resgistrado tellows voc\u00ea tem in\u00fameras vantagens no f\u00f3rum tellows. Ainda que o registro n\u00e4o seja obrigat\u00f3rio para que voc\u00ea possa participar. Coment\u00e1rios podem ser publicados com o status de usu\u00e1rio registrado ou n\u00e3o registrado. O registro funciona via OpenID. Os benef\u00edcios de ser um usu\u00e1rio registrado tellows Conta tellows premium para aplicativo [&hellip;]<\/p>\n","protected":false},"author":14,"featured_media":0,"parent":1129,"menu_order":0,"comment_status":"closed","ping_status":"closed","template":"page-templates\/full-width.php","meta":{"footnotes":""},"class_list":["post-6241","page","type-page","status-publish","hentry"],"aioseo_notices":[],"_links":{"self":[{"href":"https:\/\/id.tellows.net\/c\/wp-json\/wp\/v2\/pages\/6241","targetHints":{"allow":["GET"]}}],"collection":[{"href":"https:\/\/id.tellows.net\/c\/wp-json\/wp\/v2\/pages"}],"about":[{"href":"https:\/\/id.tellows.net\/c\/wp-json\/wp\/v2\/types\/page"}],"author":[{"embeddable":true,"href":"https:\/\/id.tellows.net\/c\/wp-json\/wp\/v2\/users\/14"}],"replies":[{"embeddable":true,"href":"https:\/\/id.tellows.net\/c\/wp-json\/wp\/v2\/comments?post=6241"}],"version-history":[{"count":10,"href":"https:\/\/id.tellows.net\/c\/wp-json\/wp\/v2\/pages\/6241\/revisions"}],"predecessor-version":[{"id":7651,"href":"https:\/\/id.tellows.net\/c\/wp-json\/wp\/v2\/pages\/6241\/revisions\/7651"}],"up":[{"embeddable":true,"href":"https:\/\/id.tellows.net\/c\/wp-json\/wp\/v2\/pages\/1129"}],"wp:attachment":[{"href":"https:\/\/id.tellows.net\/c\/wp-json\/wp\/v2\/media?parent=6241"}],"curies":[{"name":"wp","href":"https:\/\/api.w.org\/{rel}","templated":true}]}}