{"id":8374,"date":"2021-02-02T15:48:04","date_gmt":"2021-02-02T14:48:04","guid":{"rendered":"http:\/\/tellows.de\/c\/?page_id=8374"},"modified":"2022-01-10T15:33:57","modified_gmt":"2022-01-10T14:33:57","slug":"tellows-iphone-app-attivazione-identificazione-chiamante","status":"publish","type":"page","link":"https:\/\/id.tellows.net\/c\/tellows-iphone-app-it\/tellows-iphone-app-attivazione-identificazione-chiamante\/","title":{"rendered":"tellows iPhone App &#8211; Attivazione Identificazione Chiamante"},"content":{"rendered":"<p><a target=\"blank\" class=\"noborder\" href=\"https:\/\/apps.apple.com\/it\/app\/tellows-caller-id-protector\/id1166263660\" rel=\"nofollow noopener noreferrer\" style=\"float:left;margin-right:40px;display:inline-block;overflow:hidden;background:url(https:\/\/linkmaker.itunes.apple.com\/assets\/shared\/badges\/en-gb\/appstore-lrg.svg) no-repeat;width:175px;height:65px;background-size:contain;\"><\/a>Per maggiori informazioni visita la nostra <a href=\"https:\/\/tellows.it\/c\/about-tellows-it\/tellows-apps-caller-id-e-blocco-chiamate\/\" target=\"_blank\" rel=\"noopener noreferrer\">landing page<\/a> o le nostre <a href=\"https:\/\/www.tellows.it\/c\/about-tellows-it\/support\/\">iPhone FAQ<\/a>.<\/p>\n<div style=\"clear:both;\"><\/div>\n<p><\/br><\/p>\n<p><a href=\"#caller-protection\"><b>1. Attivare l&#8217;identificazione chiamante tellows per iPhone<\/b><\/a><\/p>\n<p><a href=\"#settingfalse\"><b>2. La voce &#8222;Blocco chiamate e identificazione&#8220; non viene visualizzata nelle impostazioni del mio iPhone<\/b><\/a><\/p>\n<p><a href=\"#share-contact\"><b>3. Condividere i contatti con l&#8217;app tellows<\/b><\/a><\/p>\n<p><a href=\"#login\"><b>4. Login tellows e blacklist personalizzata<\/b><\/a><\/p>\n<div id=\"caller-protection\"><b>1. Attivare l&#8217;identificazione chiamante tellows per iPhone<\/b><\/div>\n<p>Dopo l&#8217;installazione dell&#8217;app tellows \u00e8 necessario aprire le impostazioni del telefono. Scegliete l&#8217;opzione &#8222;Blocco chiamate e identificazione&#8220; nelle impostazioni del menu &#8222;Telefono&#8220;. Questa azione pu\u00f2 richiedere fino a 30 secondi se si utilizza iOS 14.5 o superiore. Ora \u00e8 possibile attivare l&#8217;app tellows per l&#8217;identificazione e il blocco delle chiamate. Basta far scorrere il pulsante sul lato destro e l&#8217;app \u00e8 attivata.<\/p>\n<div style=\"text-align: center;\">\n<img decoding=\"async\" style=\"margin-right: 10px;\" src=\"https:\/\/cdn.tellows.de\/uploads\/2021\/02\/IMG_7987.png\" alt=\"tellows App\" width=\"270\" \/><img decoding=\"async\" style=\"margin-right: 10px;\" src=\"https:\/\/cdn.tellows.de\/uploads\/2021\/02\/IMG_7988.png\" alt=\"tellows App\" width=\"270\" \/><img decoding=\"async\" style=\"margin-right: 10px;\" src=\"https:\/\/cdn.tellows.de\/uploads\/2021\/02\/IMG_7989.png\" alt=\"tellows App\" width=\"270\" \/>\n<\/div>\n<p><\/p>\n<p><b id=\"settingfalse\">2. La voce &#8222;Blocco chiamate e identificazione&#8220; non viene visualizzata nelle impostazioni del mio iPhone<\/b><br \/>\nPossono essere necessari fino a 30 secondi prima che l&#8217;opzione venga caricata se si utilizza iOS 14.5 o superiore. Se usi una versione di iOS inferiore alla 14.5, potrebbe non apparire affatto. <br \/>Sfortunatamente, questo \u00e8 un bug di Apple ed \u00e8 un problema per tutte le applicazioni di identificazione e blocco del chiamante. Raccomandiamo i seguenti passi per risolvere il problema:<\/p>\n<ul>\n<li>Se l&#8217;app non si attiva nel tuo iPhone, riavvia il telefono e prova ad attivare di nuovo l&#8217;app. Potrebbero essere necessarie alcune ore dopo che l&#8217;app \u00e8 stata installata per la prima volta prima che sia visibile nel menu. Ti consigliamo quindi di ripetere questi passaggi dopo qualche ora<\/li>\n<li>Se il riavvio non aiuta, reinstalla l&#8217;applicazione<\/li>\n<li>Se stai utilizzando altre applicazioni di identificazione o blocco chiamate che accedono al menu &#8222;Blocco chiamate e identificazione&#8220;, assicurati che queste applicazioni siano aggiornate o disinstallate. Se una di queste app \u00e8 memorizzata nel cloud e non \u00e8 pi\u00f9 installata, potrebbe creare problemi con il menu &#8222;Blocco chiamate e identificazione&#8220; per tutte le altre app<\/li>\n<li>Assicurati che non sia attivata alcuna modalit\u00e0 speciale nelle impostazioni del tempo di blocco dello schermo, in quanto ci\u00f2 pu\u00f2 bloccare l&#8217;elenco delle app visualizzate. Prova a reinstallare l&#8217;app e a riavviare il telefono se hai cambiato le impostazioni del tempo di blocco dello schermo<\/li>\n<li>Prova anche a verificare nelle impostazioni che &#8222;Tracciamento&#8220; sia attivo nella sezione &#8222;Privacy&#8220; dell&#8217;iPhone.<\/li>\n<\/ul>\n<p>Ulteriori impostazioni devono essere regolate all&#8217;interno dell&#8217;app tellows. \u00c8 possibile scegliere se i numeri spam devono essere bloccati e scegliere per quali punteggi il blocco deve essere attivato.<\/p>\n<div id=\"share-contact\"><b>3. Condividere i contatti con l&#8217;app tellows<\/b><\/div>\n<p>Per ricevere informazioni su un contatto dalla tua cronologia delle chiamate, non devi pi\u00f9 copiare e incollare il numero nell&#8217;app. Basta condividere il tuo numero chiamante con l&#8217;app tellows per ricevere tutte le informazioni disponibili sul numero di telefono<\/br><\/p>\n<div style=\"float: left;\"><img decoding=\"async\" style=\"margin-right: 10px; margin-bottom: 20px;\" src=\"https:\/\/cdn.tellows.de\/uploads\/2021\/02\/IMG_7990.png\" alt=\"tellows App\" width=\"220\" \/><\/div>\n<p>Con la nuova funzione \u00e8 possibile visualizzare i dettagli del numero di telefono dalla cronologia delle chiamate. Questa funzione deve essere attivata una volta toccando la &#8222;i&#8220; nella cronologia delle chiamate e poi &#8222;Condividi contatto&#8220;.<\/p>\n<div style=\"clear: both;\"><\/div>\n<div style=\"float: left;\"><img decoding=\"async\" style=\"margin-right: 10px; margin-bottom: 20px;\" src=\"https:\/\/cdn.tellows.de\/uploads\/2021\/02\/IMG_7991.png\" alt=\"tellows App\" width=\"220\" \/><\/div>\n<p>Vedrai l&#8217;app tellows elencata tra le opzioni. Se non la trovi clicca su altro e selezionala. In questo modo permetti all&#8217;app di accedere al numero di telefono e sarai reindirizzato alla pagina con i dettagli sul numero. Per farlo, basta attivare il pulsante (scorrere in verde) e toccare &#8222;Fatto&#8220;.<br \/>\nD&#8217;ora in poi l&#8217;app verr\u00e0 visualizzata ogni volta che cliccherai su &#8222;Condividi contatto&#8220; all&#8217;interno del registro chiamate. L&#8217;app tellows si aprir\u00e0 e otterrai tutti i dati disponibili e potrai aggiungere un commento. In questo modo non dovrai pi\u00f9 copiare e incollare i numeri di telefono dalla cronologia delle chiamate nella barra di ricerca.<\/p>\n<div style=\"clear:both;\"><\/div>\n<div id=\"login\"><b>4. Login tellows e blacklist personalizzata<\/b><\/div>\n<p><\/p>\n<div style=\"float: left;\"><img decoding=\"async\" src=\"https:\/\/cdn.tellows.de\/uploads\/2021\/02\/IMG_7992.png\" width=\"220\" alt=\"tellows App\" style=\"margin-right: 10px;margin-bottom: 20px;\" \/><\/div>\n<p>Dalla versione 1.4.0 dell&#8217;applicazione tellows per iPhone, hai la possibilit\u00e0 di accedere all&#8217;applicazione con il tuo account tellows. Questo attribuisce tutti i tuoi commenti al tuo account utente. Puoi quindi gestirli e modificarli nell&#8216;<a href=\"https:\/\/www.tellows.it\/c\/about-tellows-it\/registrazione\/#areamembri\">area membri<\/a>. Effettuando il login puoi anche utilizzare delle blacklist personalizzate. Ogni numero che hai valutato negativamente sar\u00e0 aggiunto alla tua lista nera personale. I numeri di telefono aggiunti alla tua lista nera possono essere bloccati indipendentemente dalla valutazione del numero di telefono creata dalla comunit\u00e0 tellows. Il login tellows \u00e8 necessario per assegnare la blacklist personalizzata al tuo account.<\/p>\n<div style=\"clear:both;\"><\/div>\n","protected":false},"excerpt":{"rendered":"<p>Per maggiori informazioni visita la nostra landing page o le nostre iPhone FAQ. 1. Attivare l&#8217;identificazione chiamante tellows per iPhone 2. La voce &#8222;Blocco chiamate e identificazione&#8220; non viene visualizzata nelle impostazioni del mio iPhone 3. Condividere i contatti con l&#8217;app tellows 4. Login tellows e blacklist personalizzata 1. Attivare l&#8217;identificazione chiamante tellows per iPhone [&hellip;]<\/p>\n","protected":false},"author":1,"featured_media":0,"parent":8371,"menu_order":0,"comment_status":"closed","ping_status":"closed","template":"page-templates\/full-width.php","meta":{"footnotes":""},"class_list":["post-8374","page","type-page","status-publish","hentry"],"aioseo_notices":[],"_links":{"self":[{"href":"https:\/\/id.tellows.net\/c\/wp-json\/wp\/v2\/pages\/8374","targetHints":{"allow":["GET"]}}],"collection":[{"href":"https:\/\/id.tellows.net\/c\/wp-json\/wp\/v2\/pages"}],"about":[{"href":"https:\/\/id.tellows.net\/c\/wp-json\/wp\/v2\/types\/page"}],"author":[{"embeddable":true,"href":"https:\/\/id.tellows.net\/c\/wp-json\/wp\/v2\/users\/1"}],"replies":[{"embeddable":true,"href":"https:\/\/id.tellows.net\/c\/wp-json\/wp\/v2\/comments?post=8374"}],"version-history":[{"count":8,"href":"https:\/\/id.tellows.net\/c\/wp-json\/wp\/v2\/pages\/8374\/revisions"}],"predecessor-version":[{"id":9826,"href":"https:\/\/id.tellows.net\/c\/wp-json\/wp\/v2\/pages\/8374\/revisions\/9826"}],"up":[{"embeddable":true,"href":"https:\/\/id.tellows.net\/c\/wp-json\/wp\/v2\/pages\/8371"}],"wp:attachment":[{"href":"https:\/\/id.tellows.net\/c\/wp-json\/wp\/v2\/media?parent=8374"}],"curies":[{"name":"wp","href":"https:\/\/api.w.org\/{rel}","templated":true}]}}